{"id":234,"date":"2024-07-09T09:44:12","date_gmt":"2024-07-09T09:44:12","guid":{"rendered":"https:\/\/creiamo.de\/?page_id=234"},"modified":"2024-08-01T06:38:31","modified_gmt":"2024-08-01T06:38:31","slug":"impressum","status":"publish","type":"page","link":"https:\/\/creiamo.de\/it\/impressum\/","title":{"rendered":"impronta"},"content":{"rendered":"<div data-elementor-type=\"wp-page\" data-elementor-id=\"234\" class=\"elementor elementor-234\" data-elementor-post-type=\"page\">\n\t\t\t\t<div class=\"elementor-element elementor-element-b021d6c e-flex e-con-boxed e-con e-parent\" data-id=\"b021d6c\" data-element_type=\"container\" data-e-type=\"container\">\n\t\t\t\t\t<div class=\"e-con-inner\">\n\t\t\t\t<div class=\"elementor-element elementor-element-814e264 elementor-widget elementor-widget-heading\" data-id=\"814e264\" data-element_type=\"widget\" data-e-type=\"widget\" data-widget_type=\"heading.default\">\n\t\t\t\t<div class=\"elementor-widget-container\">\n\t\t\t\t\t<h2 class=\"elementor-heading-title elementor-size-default\">impronta<\/h2>\t\t\t\t<\/div>\n\t\t\t\t<\/div>\n\t\t\t\t<div class=\"elementor-element elementor-element-a0c7a42 elementor-widget elementor-widget-text-editor\" data-id=\"a0c7a42\" data-element_type=\"widget\" data-e-type=\"widget\" data-widget_type=\"text-editor.default\">\n\t\t\t\t<div class=\"elementor-widget-container\">\n\t\t\t\t\t\t\t\t\t<p>Cristina Ivanusic<br \/>creiamo - Progettazione d'interni e consulenza organizzativa<br \/>Wolfstra\u00dfe 29<br \/>78647 Trossingen<\/p><h3>contatto<\/h3><p>Telefono: +49 176 22346931<br \/>E-Mail: <a href=\"mailto:cristina@creiamo.de\">cristina@creiamo.de<\/a><\/p><h3>Design\/Concetto della presenza online.<\/h3><p>Make Branding<br \/><a href=\"http:\/\/www.makebranding.de\">www.makebranding.de<\/a><\/p><h3>Risoluzione delle controversie nell\u2019UE.<\/h3><p>La Commissione Europea mette a disposizione una piattaforma per la risoluzione delle controversie online (ODR): <a href=\"https:\/\/ec.europa.eu\/consumers\/odr\/\" target=\"_blank\" rel=\"noopener noreferrer\">https:\/\/ec.europa.eu\/consumers\/odr\/<\/a>.<br \/>Il nostro indirizzo e-mail \u00e8 indicato sopra nell\u2019impressum.<\/p><h3>Risoluzione delle controversie per i consumatori\/Servizio universale di mediazione.<\/h3><p>Non siamo disposti n\u00e9 obbligati a partecipare a procedure di risoluzione delle controversie davanti a un organismo di mediazione per i consumatori.<\/p>\t\t\t\t\t\t\t\t<\/div>\n\t\t\t\t<\/div>\n\t\t\t\t\t<\/div>\n\t\t\t\t<\/div>\n\t\t\t\t<\/div>","protected":false},"excerpt":{"rendered":"<p>Impressum Cristina Ivanusiccreiamo &#8211; Interior Design &amp; OrganisationsberatungWolfstra\u00dfe 2978647 Trossingen Kontakt Telefon: +49 176 22346931E-Mail: cristina@creiamo.de Design\/Konzeption des Webauftritts Make Brandingwww.makebranding.de EU-Streitschlichtung Die Europ\u00e4ische Kommission stellt eine Plattform zur Online-Streitbeilegung (OS) bereit: https:\/\/ec.europa.eu\/consumers\/odr\/.Unsere E-Mail-Adresse finden Sie oben im Impressum. Verbraucher\u00adstreit\u00adbeilegung\/Universal\u00adschlichtungs\u00adstelle Wir sind nicht bereit oder verpflichtet, an Streitbeilegungsverfahren vor einer Verbraucherschlichtungsstelle teilzunehmen.<\/p>","protected":false},"author":1,"featured_media":0,"parent":0,"menu_order":0,"comment_status":"closed","ping_status":"closed","template":"","meta":{"footnotes":""},"class_list":["post-234","page","type-page","status-publish","hentry"],"yoast_head":"<!-- This site is optimized with the Yoast SEO plugin v26.8 - https:\/\/yoast.com\/product\/yoast-seo-wordpress\/ -->\n<title>Impressum - creiamo - Interior Design &amp; Organisationsberatung<\/title>\n<meta name=\"robots\" content=\"index, follow, max-snippet:-1, max-image-preview:large, max-video-preview:-1\" \/>\n<link rel=\"canonical\" href=\"https:\/\/creiamo.de\/it\/impressum\/\" \/>\n<meta property=\"og:locale\" content=\"it_IT\" \/>\n<meta property=\"og:type\" content=\"article\" \/>\n<meta property=\"og:title\" content=\"Impressum - creiamo - Interior Design &amp; Organisationsberatung\" \/>\n<meta property=\"og:description\" content=\"Impressum Cristina Ivanusiccreiamo &#8211; Interior Design &amp; OrganisationsberatungWolfstra\u00dfe 2978647 Trossingen Kontakt Telefon: +49 176 22346931E-Mail: cristina@creiamo.de Design\/Konzeption des Webauftritts Make Brandingwww.makebranding.de EU-Streitschlichtung Die Europ\u00e4ische Kommission stellt eine Plattform zur Online-Streitbeilegung (OS) bereit: https:\/\/ec.europa.eu\/consumers\/odr\/.Unsere E-Mail-Adresse finden Sie oben im Impressum. Verbraucher\u00adstreit\u00adbeilegung\/Universal\u00adschlichtungs\u00adstelle Wir sind nicht bereit oder verpflichtet, an Streitbeilegungsverfahren vor einer Verbraucherschlichtungsstelle teilzunehmen.\" \/>\n<meta property=\"og:url\" content=\"https:\/\/creiamo.de\/it\/impressum\/\" \/>\n<meta property=\"og:site_name\" content=\"creiamo - Interior Design &amp; Organisationsberatung\" \/>\n<meta property=\"article:modified_time\" content=\"2024-08-01T06:38:31+00:00\" \/>\n<meta name=\"twitter:card\" content=\"summary_large_image\" \/>\n<meta name=\"twitter:label1\" content=\"Tempo di lettura stimato\" \/>\n\t<meta name=\"twitter:data1\" content=\"1 minuto\" \/>\n<script type=\"application\/ld+json\" class=\"yoast-schema-graph\">{\"@context\":\"https:\/\/schema.org\",\"@graph\":[{\"@type\":\"WebPage\",\"@id\":\"https:\/\/creiamo.de\/impressum\/\",\"url\":\"https:\/\/creiamo.de\/impressum\/\",\"name\":\"Impressum - creiamo - Interior Design &amp; Organisationsberatung\",\"isPartOf\":{\"@id\":\"https:\/\/creiamo.de\/#website\"},\"datePublished\":\"2024-07-09T09:44:12+00:00\",\"dateModified\":\"2024-08-01T06:38:31+00:00\",\"breadcrumb\":{\"@id\":\"https:\/\/creiamo.de\/impressum\/#breadcrumb\"},\"inLanguage\":\"it-IT\",\"potentialAction\":[{\"@type\":\"ReadAction\",\"target\":[\"https:\/\/creiamo.de\/impressum\/\"]}]},{\"@type\":\"BreadcrumbList\",\"@id\":\"https:\/\/creiamo.de\/impressum\/#breadcrumb\",\"itemListElement\":[{\"@type\":\"ListItem\",\"position\":1,\"name\":\"Startseite\",\"item\":\"https:\/\/creiamo.de\/\"},{\"@type\":\"ListItem\",\"position\":2,\"name\":\"Impressum\"}]},{\"@type\":\"WebSite\",\"@id\":\"https:\/\/creiamo.de\/#website\",\"url\":\"https:\/\/creiamo.de\/\",\"name\":\"creiamo - Interior Design & Organisationsberatung\",\"description\":\"Als Deine Interior Designerin und Eventplanerin sorge ich daf\u00fcr, dass Du Dich in stilvollen R\u00e4umen wohlf\u00fchlst und unvergessliche Veranstaltungen erlebst, die Deine Tr\u00e4ume wahr werden lassen.\",\"publisher\":{\"@id\":\"https:\/\/creiamo.de\/#organization\"},\"potentialAction\":[{\"@type\":\"SearchAction\",\"target\":{\"@type\":\"EntryPoint\",\"urlTemplate\":\"https:\/\/creiamo.de\/?s={search_term_string}\"},\"query-input\":{\"@type\":\"PropertyValueSpecification\",\"valueRequired\":true,\"valueName\":\"search_term_string\"}}],\"inLanguage\":\"it-IT\"},{\"@type\":\"Organization\",\"@id\":\"https:\/\/creiamo.de\/#organization\",\"name\":\"creiamo - Interior Design & Organisationsberatung\",\"url\":\"https:\/\/creiamo.de\/\",\"logo\":{\"@type\":\"ImageObject\",\"inLanguage\":\"it-IT\",\"@id\":\"https:\/\/creiamo.de\/#\/schema\/logo\/image\/\",\"url\":\"https:\/\/creiamo.de\/wp-content\/uploads\/2024\/07\/Logo-Creiamo-2.png\",\"contentUrl\":\"https:\/\/creiamo.de\/wp-content\/uploads\/2024\/07\/Logo-Creiamo-2.png\",\"width\":320,\"height\":159,\"caption\":\"creiamo - Interior Design & Organisationsberatung\"},\"image\":{\"@id\":\"https:\/\/creiamo.de\/#\/schema\/logo\/image\/\"}}]}<\/script>\n<!-- \/ Yoast SEO plugin. -->","yoast_head_json":{"title":"Impressum - creiamo - Interior Design &amp; Organisationsberatung","robots":{"index":"index","follow":"follow","max-snippet":"max-snippet:-1","max-image-preview":"max-image-preview:large","max-video-preview":"max-video-preview:-1"},"canonical":"https:\/\/creiamo.de\/it\/impressum\/","og_locale":"it_IT","og_type":"article","og_title":"Impressum - creiamo - Interior Design &amp; Organisationsberatung","og_description":"Impressum Cristina Ivanusiccreiamo &#8211; Interior Design &amp; OrganisationsberatungWolfstra\u00dfe 2978647 Trossingen Kontakt Telefon: +49 176 22346931E-Mail: cristina@creiamo.de Design\/Konzeption des Webauftritts Make Brandingwww.makebranding.de EU-Streitschlichtung Die Europ\u00e4ische Kommission stellt eine Plattform zur Online-Streitbeilegung (OS) bereit: https:\/\/ec.europa.eu\/consumers\/odr\/.Unsere E-Mail-Adresse finden Sie oben im Impressum. Verbraucher\u00adstreit\u00adbeilegung\/Universal\u00adschlichtungs\u00adstelle Wir sind nicht bereit oder verpflichtet, an Streitbeilegungsverfahren vor einer Verbraucherschlichtungsstelle teilzunehmen.","og_url":"https:\/\/creiamo.de\/it\/impressum\/","og_site_name":"creiamo - Interior Design &amp; Organisationsberatung","article_modified_time":"2024-08-01T06:38:31+00:00","twitter_card":"summary_large_image","twitter_misc":{"Tempo di lettura stimato":"1 minuto"},"schema":{"@context":"https:\/\/schema.org","@graph":[{"@type":"WebPage","@id":"https:\/\/creiamo.de\/impressum\/","url":"https:\/\/creiamo.de\/impressum\/","name":"Impressum - creiamo - Interior Design &amp; Organisationsberatung","isPartOf":{"@id":"https:\/\/creiamo.de\/#website"},"datePublished":"2024-07-09T09:44:12+00:00","dateModified":"2024-08-01T06:38:31+00:00","breadcrumb":{"@id":"https:\/\/creiamo.de\/impressum\/#breadcrumb"},"inLanguage":"it-IT","potentialAction":[{"@type":"ReadAction","target":["https:\/\/creiamo.de\/impressum\/"]}]},{"@type":"BreadcrumbList","@id":"https:\/\/creiamo.de\/impressum\/#breadcrumb","itemListElement":[{"@type":"ListItem","position":1,"name":"Startseite","item":"https:\/\/creiamo.de\/"},{"@type":"ListItem","position":2,"name":"Impressum"}]},{"@type":"WebSite","@id":"https:\/\/creiamo.de\/#website","url":"https:\/\/creiamo.de\/","name":"creiamo - Interior Design & Organisationsberatung","description":"Come tua interior designer e organizzatrice di eventi, mi assicurer\u00f2 che tu possa sentirti a tuo agio in ambienti eleganti e vivere eventi indimenticabili che rendano realt\u00e0 i tuoi sogni.","publisher":{"@id":"https:\/\/creiamo.de\/#organization"},"potentialAction":[{"@type":"SearchAction","target":{"@type":"EntryPoint","urlTemplate":"https:\/\/creiamo.de\/?s={search_term_string}"},"query-input":{"@type":"PropertyValueSpecification","valueRequired":true,"valueName":"search_term_string"}}],"inLanguage":"it-IT"},{"@type":"Organization","@id":"https:\/\/creiamo.de\/#organization","name":"creiamo - Interior Design & Organisationsberatung","url":"https:\/\/creiamo.de\/","logo":{"@type":"ImageObject","inLanguage":"it-IT","@id":"https:\/\/creiamo.de\/#\/schema\/logo\/image\/","url":"https:\/\/creiamo.de\/wp-content\/uploads\/2024\/07\/Logo-Creiamo-2.png","contentUrl":"https:\/\/creiamo.de\/wp-content\/uploads\/2024\/07\/Logo-Creiamo-2.png","width":320,"height":159,"caption":"creiamo - Interior Design & Organisationsberatung"},"image":{"@id":"https:\/\/creiamo.de\/#\/schema\/logo\/image\/"}}]}},"_links":{"self":[{"href":"https:\/\/creiamo.de\/it\/wp-json\/wp\/v2\/pages\/234","targetHints":{"allow":["GET"]}}],"collection":[{"href":"https:\/\/creiamo.de\/it\/wp-json\/wp\/v2\/pages"}],"about":[{"href":"https:\/\/creiamo.de\/it\/wp-json\/wp\/v2\/types\/page"}],"author":[{"embeddable":true,"href":"https:\/\/creiamo.de\/it\/wp-json\/wp\/v2\/users\/1"}],"replies":[{"embeddable":true,"href":"https:\/\/creiamo.de\/it\/wp-json\/wp\/v2\/comments?post=234"}],"version-history":[{"count":10,"href":"https:\/\/creiamo.de\/it\/wp-json\/wp\/v2\/pages\/234\/revisions"}],"predecessor-version":[{"id":340,"href":"https:\/\/creiamo.de\/it\/wp-json\/wp\/v2\/pages\/234\/revisions\/340"}],"wp:attachment":[{"href":"https:\/\/creiamo.de\/it\/wp-json\/wp\/v2\/media?parent=234"}],"curies":[{"name":"wp","href":"https:\/\/api.w.org\/{rel}","templated":true}]}}